{"id":1265,"date":"2023-07-26T08:32:08","date_gmt":"2023-07-26T08:32:08","guid":{"rendered":"https:\/\/casapalma.es\/?page_id=1265"},"modified":"2023-09-05T10:42:59","modified_gmt":"2023-09-05T10:42:59","slug":"nosotros","status":"publish","type":"page","link":"https:\/\/casapalma.es\/en\/nosotros\/","title":{"rendered":"Nosotros"},"content":{"rendered":"\t\t<div data-elementor-type=\"wp-page\" data-elementor-id=\"1265\" class=\"elementor elementor-1265\" data-elementor-post-type=\"page\">\n\t\t\t\t<div class=\"elementor-element elementor-element-3a8bb8f e-flex e-con-boxed e-con e-parent\" data-id=\"3a8bb8f\" data-element_type=\"container\" data-e-type=\"container\" data-settings=\"{&quot;background_background&quot;:&quot;classic&quot;}\">\n\t\t\t\t\t<div class=\"e-con-inner\">\n\t\t\t\t<div class=\"elementor-element elementor-element-deb5878 elementor-widget elementor-widget-heading\" data-id=\"deb5878\" data-element_type=\"widget\" data-e-type=\"widget\" data-widget_type=\"heading.default\">\n\t\t\t\t<div class=\"elementor-widget-container\">\n\t\t\t\t\t<h2 class=\"elementor-heading-title elementor-size-default\">CASA<b>PALMA<\/b><\/h2>\t\t\t\t<\/div>\n\t\t\t\t<\/div>\n\t\t\t\t<div class=\"elementor-element elementor-element-2347717 elementor-widget elementor-widget-heading\" data-id=\"2347717\" data-element_type=\"widget\" data-e-type=\"widget\" data-widget_type=\"heading.default\">\n\t\t\t\t<div class=\"elementor-widget-container\">\n\t\t\t\t\t<h1 class=\"elementor-heading-title elementor-size-default\">HOLIDAY APARTMENTS IN MALAGA<\/h1>\t\t\t\t<\/div>\n\t\t\t\t<\/div>\n\t\t\t\t<div class=\"elementor-element elementor-element-862bfd9 elementor-widget-divider--view-line elementor-widget elementor-widget-divider\" data-id=\"862bfd9\" data-element_type=\"widget\" data-e-type=\"widget\" data-widget_type=\"divider.default\">\n\t\t\t\t<div class=\"elementor-widget-container\">\n\t\t\t\t\t\t\t<div class=\"elementor-divider\">\n\t\t\t<span class=\"elementor-divider-separator\">\n\t\t\t\t\t\t<\/span>\n\t\t<\/div>\n\t\t\t\t\t\t<\/div>\n\t\t\t\t<\/div>\n\t\t\t\t<div class=\"elementor-element elementor-element-a2595a0 elementor-widget elementor-widget-heading\" data-id=\"a2595a0\" data-element_type=\"widget\" data-e-type=\"widget\" data-widget_type=\"heading.default\">\n\t\t\t\t<div class=\"elementor-widget-container\">\n\t\t\t\t\t<h2 class=\"elementor-heading-title elementor-size-default\">ABOUT US\n<\/h2>\t\t\t\t<\/div>\n\t\t\t\t<\/div>\n\t\t\t\t<div class=\"elementor-element elementor-element-111ddc6 elementor-widget-tablet__width-initial elementor-widget__width-inherit elementor-widget elementor-widget-shortcode\" data-id=\"111ddc6\" data-element_type=\"widget\" data-e-type=\"widget\" data-widget_type=\"shortcode.default\">\n\t\t\t\t<div class=\"elementor-widget-container\">\n\t\t\t\t\t\t\t<div class=\"elementor-shortcode\">\t\t<div data-elementor-type=\"widget\" data-elementor-id=\"1149\" class=\"elementor elementor-1149\" data-elementor-post-type=\"elementor_library\">\n\t\t\t\t\t\t<div class=\"elementor-element elementor-element-1149 elementor-widget__width-inherit elementor-tabs-view-horizontal elementor-widget elementor-widget-tabs\" data-id=\"1149\" data-element_type=\"widget\" data-e-type=\"widget\" data-widget_type=\"tabs.default\">\n\t\t\t\t<div class=\"elementor-widget-container\">\n\t\t\t\t\t\t\t<div class=\"elementor-tabs\">\n\t\t\t<div class=\"elementor-tabs-wrapper\" role=\"tablist\" >\n\t\t\t\t\t\t\t\t\t<div id=\"elementor-tab-title-4421\" class=\"elementor-tab-title elementor-tab-desktop-title\" aria-selected=\"true\" data-tab=\"1\" role=\"tab\" tabindex=\"0\" aria-controls=\"elementor-tab-content-4421\" aria-expanded=\"false\">Book directly with us<\/div>\n\t\t\t\t\t\t\t<\/div>\n\t\t\t<div class=\"elementor-tabs-content-wrapper\" role=\"tablist\" aria-orientation=\"vertical\">\n\t\t\t\t\t\t\t\t\t<div class=\"elementor-tab-title elementor-tab-mobile-title\" aria-selected=\"true\" data-tab=\"1\" role=\"tab\" tabindex=\"0\" aria-controls=\"elementor-tab-content-4421\" aria-expanded=\"false\">Book directly with us<\/div>\n\t\t\t\t\t<div id=\"elementor-tab-content-4421\" class=\"elementor-tab-content elementor-clearfix\" data-tab=\"1\" role=\"tabpanel\" aria-labelledby=\"elementor-tab-title-4421\" tabindex=\"0\" hidden=\"false\"><p>[av_calendar id=1]<\/p><\/div>\n\t\t\t\t\t\t\t<\/div>\n\t\t<\/div>\n\t\t\t\t\t\t<\/div>\n\t\t\t\t<\/div>\n\t\t\t\t<\/div>\n\t\t<\/div>\n\t\t\t\t\t\t<\/div>\n\t\t\t\t<\/div>\n\t\t\t\t\t<\/div>\n\t\t\t\t<\/div>\n\t\t<div class=\"elementor-element elementor-element-1c3ff23 e-flex e-con-boxed e-con e-parent\" data-id=\"1c3ff23\" data-element_type=\"container\" data-e-type=\"container\">\n\t\t\t\t\t<div class=\"e-con-inner\">\n\t\t<div class=\"elementor-element elementor-element-95512b7 e-con-full e-flex e-con e-child\" data-id=\"95512b7\" data-element_type=\"container\" data-e-type=\"container\">\n\t\t\t\t<div class=\"elementor-element elementor-element-fa1228f elementor-widget elementor-widget-heading\" data-id=\"fa1228f\" data-element_type=\"widget\" data-e-type=\"widget\" data-widget_type=\"heading.default\">\n\t\t\t\t<div class=\"elementor-widget-container\">\n\t\t\t\t\t<h2 class=\"elementor-heading-title elementor-size-default\">Apartments with soul in the Historic Center of Malaga<\/h2>\t\t\t\t<\/div>\n\t\t\t\t<\/div>\n\t\t\t\t<div class=\"elementor-element elementor-element-fc798f8 elementor-widget-divider--view-line elementor-widget elementor-widget-divider\" data-id=\"fc798f8\" data-element_type=\"widget\" data-e-type=\"widget\" data-widget_type=\"divider.default\">\n\t\t\t\t<div class=\"elementor-widget-container\">\n\t\t\t\t\t\t\t<div class=\"elementor-divider\">\n\t\t\t<span class=\"elementor-divider-separator\">\n\t\t\t\t\t\t<\/span>\n\t\t<\/div>\n\t\t\t\t\t\t<\/div>\n\t\t\t\t<\/div>\n\t\t\t\t<div class=\"elementor-element elementor-element-30c5b8f elementor-widget elementor-widget-text-editor\" data-id=\"30c5b8f\" data-element_type=\"widget\" data-e-type=\"widget\" data-widget_type=\"text-editor.default\">\n\t\t\t\t<div class=\"elementor-widget-container\">\n\t\t\t\t\t\t\t\t\t<p>We are passionate about traveling and welcoming people at home, so our work is the result of the combination of both passions. Therefore, we welcome our guests as we would like them to be welcomed when we travel.<\/p><p>Furthermore, our philosophy is based on doing everything in our power to ensure that our guests have an unforgettable experience. To achieve this, we offer a personalized and close attention and we take care of every detail.<\/p><p><strong>Silvia Gabernet<\/strong><br \/><em>Manager<\/em><\/p>\t\t\t\t\t\t\t\t<\/div>\n\t\t\t\t<\/div>\n\t\t\t\t<\/div>\n\t\t<div class=\"elementor-element elementor-element-aa6f2f9 e-con-full e-flex e-con e-child\" data-id=\"aa6f2f9\" data-element_type=\"container\" data-e-type=\"container\" data-settings=\"{&quot;background_background&quot;:&quot;classic&quot;,&quot;background_motion_fx_motion_fx_scrolling&quot;:&quot;yes&quot;,&quot;background_motion_fx_scale_effect&quot;:&quot;yes&quot;,&quot;background_motion_fx_scale_direction&quot;:&quot;in-out&quot;,&quot;background_motion_fx_scale_speed&quot;:{&quot;unit&quot;:&quot;px&quot;,&quot;size&quot;:4,&quot;sizes&quot;:[]},&quot;background_motion_fx_scale_range&quot;:{&quot;unit&quot;:&quot;%&quot;,&quot;size&quot;:&quot;&quot;,&quot;sizes&quot;:{&quot;start&quot;:20,&quot;end&quot;:80}},&quot;background_motion_fx_devices&quot;:[&quot;desktop&quot;,&quot;laptop&quot;,&quot;tablet&quot;,&quot;mobile&quot;]}\">\n\t\t\t\t<\/div>\n\t\t\t\t\t<\/div>\n\t\t\t\t<\/div>\n\t\t<div class=\"elementor-element elementor-element-7f93f7b e-flex e-con-boxed e-con e-parent\" data-id=\"7f93f7b\" data-element_type=\"container\" data-e-type=\"container\">\n\t\t\t\t\t<div class=\"e-con-inner\">\n\t\t\t\t<div class=\"elementor-element elementor-element-505d4bc elementor-widget__width-initial elementor-widget elementor-widget-gallery\" data-id=\"505d4bc\" data-element_type=\"widget\" data-e-type=\"widget\" data-settings=\"{&quot;columns&quot;:3,&quot;motion_fx_motion_fx_scrolling&quot;:&quot;yes&quot;,&quot;motion_fx_translateY_effect&quot;:&quot;yes&quot;,&quot;columns_tablet&quot;:3,&quot;columns_mobile&quot;:3,&quot;lazyload&quot;:&quot;yes&quot;,&quot;gallery_layout&quot;:&quot;grid&quot;,&quot;gap&quot;:{&quot;unit&quot;:&quot;px&quot;,&quot;size&quot;:10,&quot;sizes&quot;:[]},&quot;gap_laptop&quot;:{&quot;unit&quot;:&quot;px&quot;,&quot;size&quot;:10,&quot;sizes&quot;:[]},&quot;gap_tablet&quot;:{&quot;unit&quot;:&quot;px&quot;,&quot;size&quot;:10,&quot;sizes&quot;:[]},&quot;gap_mobile&quot;:{&quot;unit&quot;:&quot;px&quot;,&quot;size&quot;:10,&quot;sizes&quot;:[]},&quot;link_to&quot;:&quot;file&quot;,&quot;aspect_ratio&quot;:&quot;3:2&quot;,&quot;overlay_background&quot;:&quot;yes&quot;,&quot;content_hover_animation&quot;:&quot;fade-in&quot;,&quot;motion_fx_translateY_speed&quot;:{&quot;unit&quot;:&quot;px&quot;,&quot;size&quot;:4,&quot;sizes&quot;:[]},&quot;motion_fx_translateY_affectedRange&quot;:{&quot;unit&quot;:&quot;%&quot;,&quot;size&quot;:&quot;&quot;,&quot;sizes&quot;:{&quot;start&quot;:0,&quot;end&quot;:100}},&quot;motion_fx_devices&quot;:[&quot;desktop&quot;,&quot;laptop&quot;,&quot;tablet&quot;,&quot;mobile&quot;]}\" data-widget_type=\"gallery.default\">\n\t\t\t\t<div class=\"elementor-widget-container\">\n\t\t\t\t\t\t\t<div class=\"elementor-gallery__container\">\n\t\t\t\t\t\t\t<a class=\"e-gallery-item elementor-gallery-item elementor-animated-content\" href=\"https:\/\/casapalma.es\/en\/wp-content\/uploads\/sites\/2\/fachada13-1.webp\" data-elementor-open-lightbox=\"yes\" data-elementor-lightbox-slideshow=\"505d4bc\" data-e-action-hash=\"#elementor-action%3Aaction%3Dlightbox%26settings%3DeyJpZCI6MTM3NywidXJsIjoiaHR0cHM6XC9cL2Nhc2FwYWxtYS5lc1wvZW5cL3dwLWNvbnRlbnRcL3VwbG9hZHNcL3NpdGVzXC8yXC9mYWNoYWRhMTMtMS53ZWJwIiwic2xpZGVzaG93IjoiNTA1ZDRiYyJ9\">\n\t\t\t\t\t<div class=\"e-gallery-image elementor-gallery-item__image\" data-thumbnail=\"https:\/\/casapalma.es\/en\/wp-content\/uploads\/sites\/2\/fachada13-1-768x512.webp\" data-width=\"768\" data-height=\"512\" aria-label=\"\" role=\"img\" ><\/div>\n\t\t\t\t\t\t\t\t\t\t\t<div class=\"elementor-gallery-item__overlay\"><\/div>\n\t\t\t\t\t\t\t\t\t\t\t\t\t\t<\/a>\n\t\t\t\t\t\t\t<a class=\"e-gallery-item elementor-gallery-item elementor-animated-content\" href=\"https:\/\/casapalma.es\/en\/wp-content\/uploads\/sites\/2\/fachada8.webp\" data-elementor-open-lightbox=\"yes\" data-elementor-lightbox-slideshow=\"505d4bc\" data-e-action-hash=\"#elementor-action%3Aaction%3Dlightbox%26settings%3DeyJpZCI6MTM3MiwidXJsIjoiaHR0cHM6XC9cL2Nhc2FwYWxtYS5lc1wvZW5cL3dwLWNvbnRlbnRcL3VwbG9hZHNcL3NpdGVzXC8yXC9mYWNoYWRhOC53ZWJwIiwic2xpZGVzaG93IjoiNTA1ZDRiYyJ9\">\n\t\t\t\t\t<div class=\"e-gallery-image elementor-gallery-item__image\" data-thumbnail=\"https:\/\/casapalma.es\/en\/wp-content\/uploads\/sites\/2\/fachada8-768x511.webp\" data-width=\"768\" data-height=\"511\" aria-label=\"fachada8\" role=\"img\" ><\/div>\n\t\t\t\t\t\t\t\t\t\t\t<div class=\"elementor-gallery-item__overlay\"><\/div>\n\t\t\t\t\t\t\t\t\t\t\t\t\t\t<\/a>\n\t\t\t\t\t\t\t<a class=\"e-gallery-item elementor-gallery-item elementor-animated-content\" href=\"https:\/\/casapalma.es\/en\/wp-content\/uploads\/sites\/2\/patio-interno-2-casapalma.webp\" data-elementor-open-lightbox=\"yes\" data-elementor-lightbox-slideshow=\"505d4bc\" data-e-action-hash=\"#elementor-action%3Aaction%3Dlightbox%26settings%3DeyJpZCI6MTM4MSwidXJsIjoiaHR0cHM6XC9cL2Nhc2FwYWxtYS5lc1wvZW5cL3dwLWNvbnRlbnRcL3VwbG9hZHNcL3NpdGVzXC8yXC9wYXRpby1pbnRlcm5vLTItY2FzYXBhbG1hLndlYnAiLCJzbGlkZXNob3ciOiI1MDVkNGJjIn0%3D\">\n\t\t\t\t\t<div class=\"e-gallery-image elementor-gallery-item__image\" data-thumbnail=\"https:\/\/casapalma.es\/en\/wp-content\/uploads\/sites\/2\/patio-interno-2-casapalma-768x512.webp\" data-width=\"768\" data-height=\"512\" aria-label=\"patio interno 2 casapalma\" role=\"img\" ><\/div>\n\t\t\t\t\t\t\t\t\t\t\t<div class=\"elementor-gallery-item__overlay\"><\/div>\n\t\t\t\t\t\t\t\t\t\t\t\t\t\t<\/a>\n\t\t\t\t\t<\/div>\n\t\t\t\t\t<\/div>\n\t\t\t\t<\/div>\n\t\t\t\t\t<\/div>\n\t\t\t\t<\/div>\n\t\t\t\t<\/div>\n\t\t","protected":false},"excerpt":{"rendered":"<p>CASAPALMA HOLIDAY APARTMENTS IN MALAGA ABOUT US Apartments with soul in the Historic Center of Malaga We are passionate about traveling and welcoming people at home, so our work is the result of the combination of both passions. Therefore, we welcome our guests as we would like them to be welcomed when we travel. Furthermore, [&hellip;]<\/p>\n","protected":false},"author":1,"featured_media":2455,"parent":0,"menu_order":0,"comment_status":"closed","ping_status":"closed","template":"","meta":{"_acf_changed":false,"footnotes":""},"class_list":["post-1265","page","type-page","status-publish","has-post-thumbnail","hentry"],"yoast_head":"<!-- This site is optimized with the Yoast SEO plugin v27.3 - https:\/\/yoast.com\/product\/yoast-seo-wordpress\/ -->\n<title>Nosotros - Casapalma Apartments in M\u00e1laga<\/title>\n<meta name=\"description\" content=\"Nos apasiona viajar y recibir a gente en casa, as\u00ed que nuestro trabajo es el resultado de la combinaci\u00f3n de ambas pasiones.\" \/>\n<meta name=\"robots\" content=\"index, follow, max-snippet:-1, max-image-preview:large, max-video-preview:-1\" \/>\n<link rel=\"canonical\" href=\"https:\/\/casapalma.es\/en\/nosotros\/\" \/>\n<meta property=\"og:locale\" content=\"es_ES\" \/>\n<meta property=\"og:type\" content=\"article\" \/>\n<meta property=\"og:title\" content=\"Nosotros - Casapalma Apartments in M\u00e1laga\" \/>\n<meta property=\"og:description\" content=\"Nos apasiona viajar y recibir a gente en casa, as\u00ed que nuestro trabajo es el resultado de la combinaci\u00f3n de ambas pasiones.\" \/>\n<meta property=\"og:url\" content=\"https:\/\/casapalma.es\/en\/nosotros\/\" \/>\n<meta property=\"og:site_name\" content=\"Casapalma Apartments in M\u00e1laga\" \/>\n<meta property=\"article:modified_time\" content=\"2023-09-05T10:42:59+00:00\" \/>\n<meta property=\"og:image\" content=\"https:\/\/casapalma.es\/en\/wp-content\/uploads\/sites\/2\/interior-casapalma10.webp\" \/>\n\t<meta property=\"og:image:width\" content=\"1900\" \/>\n\t<meta property=\"og:image:height\" content=\"1267\" \/>\n\t<meta property=\"og:image:type\" content=\"image\/webp\" \/>\n<meta name=\"twitter:card\" content=\"summary_large_image\" \/>\n<meta name=\"twitter:label1\" content=\"Tiempo de lectura\" \/>\n\t<meta name=\"twitter:data1\" content=\"1 minuto\" \/>\n<script type=\"application\/ld+json\" class=\"yoast-schema-graph\">{\"@context\":\"https:\\\/\\\/schema.org\",\"@graph\":[{\"@type\":\"WebPage\",\"@id\":\"https:\\\/\\\/casapalma.es\\\/en\\\/nosotros\\\/\",\"url\":\"https:\\\/\\\/casapalma.es\\\/en\\\/nosotros\\\/\",\"name\":\"Nosotros - Casapalma Apartments in M\u00e1laga\",\"isPartOf\":{\"@id\":\"https:\\\/\\\/casapalma.es\\\/en\\\/#website\"},\"primaryImageOfPage\":{\"@id\":\"https:\\\/\\\/casapalma.es\\\/en\\\/nosotros\\\/#primaryimage\"},\"image\":{\"@id\":\"https:\\\/\\\/casapalma.es\\\/en\\\/nosotros\\\/#primaryimage\"},\"thumbnailUrl\":\"https:\\\/\\\/casapalma.es\\\/en\\\/wp-content\\\/uploads\\\/sites\\\/2\\\/interior-casapalma10.webp\",\"datePublished\":\"2023-07-26T08:32:08+00:00\",\"dateModified\":\"2023-09-05T10:42:59+00:00\",\"description\":\"Nos apasiona viajar y recibir a gente en casa, as\u00ed que nuestro trabajo es el resultado de la combinaci\u00f3n de ambas pasiones.\",\"breadcrumb\":{\"@id\":\"https:\\\/\\\/casapalma.es\\\/en\\\/nosotros\\\/#breadcrumb\"},\"inLanguage\":\"es\",\"potentialAction\":[{\"@type\":\"ReadAction\",\"target\":[\"https:\\\/\\\/casapalma.es\\\/en\\\/nosotros\\\/\"]}]},{\"@type\":\"ImageObject\",\"inLanguage\":\"es\",\"@id\":\"https:\\\/\\\/casapalma.es\\\/en\\\/nosotros\\\/#primaryimage\",\"url\":\"https:\\\/\\\/casapalma.es\\\/en\\\/wp-content\\\/uploads\\\/sites\\\/2\\\/interior-casapalma10.webp\",\"contentUrl\":\"https:\\\/\\\/casapalma.es\\\/en\\\/wp-content\\\/uploads\\\/sites\\\/2\\\/interior-casapalma10.webp\",\"width\":1900,\"height\":1267,\"caption\":\"interior casapalma\"},{\"@type\":\"BreadcrumbList\",\"@id\":\"https:\\\/\\\/casapalma.es\\\/en\\\/nosotros\\\/#breadcrumb\",\"itemListElement\":[{\"@type\":\"ListItem\",\"position\":1,\"name\":\"Portada\",\"item\":\"https:\\\/\\\/casapalma.es\\\/en\\\/\"},{\"@type\":\"ListItem\",\"position\":2,\"name\":\"Nosotros\"}]},{\"@type\":\"WebSite\",\"@id\":\"https:\\\/\\\/casapalma.es\\\/en\\\/#website\",\"url\":\"https:\\\/\\\/casapalma.es\\\/en\\\/\",\"name\":\"Casapalma Apartments in M\u00e1laga\",\"description\":\"Apartamentos Casa Palma\",\"publisher\":{\"@id\":\"https:\\\/\\\/casapalma.es\\\/en\\\/#organization\"},\"potentialAction\":[{\"@type\":\"SearchAction\",\"target\":{\"@type\":\"EntryPoint\",\"urlTemplate\":\"https:\\\/\\\/casapalma.es\\\/en\\\/?s={search_term_string}\"},\"query-input\":{\"@type\":\"PropertyValueSpecification\",\"valueRequired\":true,\"valueName\":\"search_term_string\"}}],\"inLanguage\":\"es\"},{\"@type\":\"Organization\",\"@id\":\"https:\\\/\\\/casapalma.es\\\/en\\\/#organization\",\"name\":\"Casapalma Apartments in M\u00e1laga\",\"url\":\"https:\\\/\\\/casapalma.es\\\/en\\\/\",\"logo\":{\"@type\":\"ImageObject\",\"inLanguage\":\"es\",\"@id\":\"https:\\\/\\\/casapalma.es\\\/en\\\/#\\\/schema\\\/logo\\\/image\\\/\",\"url\":\"https:\\\/\\\/casapalma.es\\\/en\\\/wp-content\\\/uploads\\\/sites\\\/2\\\/LOGO-casapalma-2023.webp\",\"contentUrl\":\"https:\\\/\\\/casapalma.es\\\/en\\\/wp-content\\\/uploads\\\/sites\\\/2\\\/LOGO-casapalma-2023.webp\",\"width\":482,\"height\":359,\"caption\":\"Casapalma Apartments in M\u00e1laga\"},\"image\":{\"@id\":\"https:\\\/\\\/casapalma.es\\\/en\\\/#\\\/schema\\\/logo\\\/image\\\/\"}}]}<\/script>\n<!-- \/ Yoast SEO plugin. -->","yoast_head_json":{"title":"Nosotros - Casapalma Apartments in M\u00e1laga","description":"Nos apasiona viajar y recibir a gente en casa, as\u00ed que nuestro trabajo es el resultado de la combinaci\u00f3n de ambas pasiones.","robots":{"index":"index","follow":"follow","max-snippet":"max-snippet:-1","max-image-preview":"max-image-preview:large","max-video-preview":"max-video-preview:-1"},"canonical":"https:\/\/casapalma.es\/en\/nosotros\/","og_locale":"es_ES","og_type":"article","og_title":"Nosotros - Casapalma Apartments in M\u00e1laga","og_description":"Nos apasiona viajar y recibir a gente en casa, as\u00ed que nuestro trabajo es el resultado de la combinaci\u00f3n de ambas pasiones.","og_url":"https:\/\/casapalma.es\/en\/nosotros\/","og_site_name":"Casapalma Apartments in M\u00e1laga","article_modified_time":"2023-09-05T10:42:59+00:00","og_image":[{"width":1900,"height":1267,"url":"https:\/\/casapalma.es\/en\/wp-content\/uploads\/sites\/2\/interior-casapalma10.webp","type":"image\/webp"}],"twitter_card":"summary_large_image","twitter_misc":{"Tiempo de lectura":"1 minuto"},"schema":{"@context":"https:\/\/schema.org","@graph":[{"@type":"WebPage","@id":"https:\/\/casapalma.es\/en\/nosotros\/","url":"https:\/\/casapalma.es\/en\/nosotros\/","name":"Nosotros - Casapalma Apartments in M\u00e1laga","isPartOf":{"@id":"https:\/\/casapalma.es\/en\/#website"},"primaryImageOfPage":{"@id":"https:\/\/casapalma.es\/en\/nosotros\/#primaryimage"},"image":{"@id":"https:\/\/casapalma.es\/en\/nosotros\/#primaryimage"},"thumbnailUrl":"https:\/\/casapalma.es\/en\/wp-content\/uploads\/sites\/2\/interior-casapalma10.webp","datePublished":"2023-07-26T08:32:08+00:00","dateModified":"2023-09-05T10:42:59+00:00","description":"Nos apasiona viajar y recibir a gente en casa, as\u00ed que nuestro trabajo es el resultado de la combinaci\u00f3n de ambas pasiones.","breadcrumb":{"@id":"https:\/\/casapalma.es\/en\/nosotros\/#breadcrumb"},"inLanguage":"es","potentialAction":[{"@type":"ReadAction","target":["https:\/\/casapalma.es\/en\/nosotros\/"]}]},{"@type":"ImageObject","inLanguage":"es","@id":"https:\/\/casapalma.es\/en\/nosotros\/#primaryimage","url":"https:\/\/casapalma.es\/en\/wp-content\/uploads\/sites\/2\/interior-casapalma10.webp","contentUrl":"https:\/\/casapalma.es\/en\/wp-content\/uploads\/sites\/2\/interior-casapalma10.webp","width":1900,"height":1267,"caption":"interior casapalma"},{"@type":"BreadcrumbList","@id":"https:\/\/casapalma.es\/en\/nosotros\/#breadcrumb","itemListElement":[{"@type":"ListItem","position":1,"name":"Portada","item":"https:\/\/casapalma.es\/en\/"},{"@type":"ListItem","position":2,"name":"Nosotros"}]},{"@type":"WebSite","@id":"https:\/\/casapalma.es\/en\/#website","url":"https:\/\/casapalma.es\/en\/","name":"Casapalma Apartments in M\u00e1laga","description":"Apartamentos Casa Palma","publisher":{"@id":"https:\/\/casapalma.es\/en\/#organization"},"potentialAction":[{"@type":"SearchAction","target":{"@type":"EntryPoint","urlTemplate":"https:\/\/casapalma.es\/en\/?s={search_term_string}"},"query-input":{"@type":"PropertyValueSpecification","valueRequired":true,"valueName":"search_term_string"}}],"inLanguage":"es"},{"@type":"Organization","@id":"https:\/\/casapalma.es\/en\/#organization","name":"Casapalma Apartments in M\u00e1laga","url":"https:\/\/casapalma.es\/en\/","logo":{"@type":"ImageObject","inLanguage":"es","@id":"https:\/\/casapalma.es\/en\/#\/schema\/logo\/image\/","url":"https:\/\/casapalma.es\/en\/wp-content\/uploads\/sites\/2\/LOGO-casapalma-2023.webp","contentUrl":"https:\/\/casapalma.es\/en\/wp-content\/uploads\/sites\/2\/LOGO-casapalma-2023.webp","width":482,"height":359,"caption":"Casapalma Apartments in M\u00e1laga"},"image":{"@id":"https:\/\/casapalma.es\/en\/#\/schema\/logo\/image\/"}}]}},"acf":[],"_links":{"self":[{"href":"https:\/\/casapalma.es\/en\/wp-json\/wp\/v2\/pages\/1265","targetHints":{"allow":["GET"]}}],"collection":[{"href":"https:\/\/casapalma.es\/en\/wp-json\/wp\/v2\/pages"}],"about":[{"href":"https:\/\/casapalma.es\/en\/wp-json\/wp\/v2\/types\/page"}],"author":[{"embeddable":true,"href":"https:\/\/casapalma.es\/en\/wp-json\/wp\/v2\/users\/1"}],"replies":[{"embeddable":true,"href":"https:\/\/casapalma.es\/en\/wp-json\/wp\/v2\/comments?post=1265"}],"version-history":[{"count":6,"href":"https:\/\/casapalma.es\/en\/wp-json\/wp\/v2\/pages\/1265\/revisions"}],"predecessor-version":[{"id":2807,"href":"https:\/\/casapalma.es\/en\/wp-json\/wp\/v2\/pages\/1265\/revisions\/2807"}],"wp:featuredmedia":[{"embeddable":true,"href":"https:\/\/casapalma.es\/en\/wp-json\/wp\/v2\/media\/2455"}],"wp:attachment":[{"href":"https:\/\/casapalma.es\/en\/wp-json\/wp\/v2\/media?parent=1265"}],"curies":[{"name":"wp","href":"https:\/\/api.w.org\/{rel}","templated":true}]}}